{"id":73,"date":"2016-06-14T06:15:58","date_gmt":"2016-06-14T03:15:58","guid":{"rendered":"http:\/\/sw-themes.com\/porto_dummy\/?page_id=73"},"modified":"2022-04-01T11:41:21","modified_gmt":"2022-04-01T08:41:21","slug":"contact-us","status":"publish","type":"page","link":"https:\/\/nevhis.com\/eng\/contact-us\/","title":{"rendered":"Contact Us"},"content":{"rendered":"<p>[vc_row full_width=&#8221;stretch_row_content_no_spaces&#8221;][vc_column][vc_gmaps link=&#8221;#E-8_JTNDaWZyYW1lJTIwc3JjJTNEJTIyaHR0cHMlM0ElMkYlMkZ3d3cuZ29vZ2xlLmNvbSUyRm1hcHMlMkZlbWJlZCUzRnBiJTNEJTIxMW0xOCUyMTFtMTIlMjExbTMlMjExZDMwMDguMDUwNDQyNDg1NDU5NCUyMTJkMjkuMDI2Njk2OTUxNDc4NTI3JTIxM2Q0MS4wNjc4OTAwMjM2MDA1NTUlMjEybTMlMjExZjAlMjEyZjAlMjEzZjAlMjEzbTIlMjExaTEwMjQlMjEyaTc2OCUyMTRmMTMuMSUyMTNtMyUyMTFtMiUyMTFzMHgxNGNhYjYzYmUzNThjZDlmJTI1M0EweGM5ZWNjNTlmZjNhM2I3OTElMjEyelZXeDFjeXdnUzJWc1lYbHVZV3NnVTJzdUlFNXZPakkwTENBek5ETTBNQ0JDWmNXZmFXdDBZY1dmTDhTd2MzUmhibUoxYkElMjE1ZTAlMjEzbTIlMjExc3RyJTIxMnN0ciUyMTR2MTYyODM2MjA4MzI0MCUyMTVtMiUyMTFzdHIlMjEyc3RyJTIyJTIwd2lkdGglM0QlMjIxMDAlMjUlMjIlMjBoZWlnaHQlM0QlMjIzNTAlMjIlMjBzdHlsZSUzRCUyMmJvcmRlciUzQTAlM0IlMjIlMjBhbGxvd2Z1bGxzY3JlZW4lM0QlMjIlMjIlMjBsb2FkaW5nJTNEJTIybGF6eSUyMiUzRSUzQyUyRmlmcmFtZSUzRQ==&#8221;][\/vc_column][\/vc_row][vc_row wrap_container=&#8221;yes&#8221; el_class=&#8221;m-t-md&#8221;][vc_column]<div class=\"porto-u-heading m-b-xxl\" data-hspacer=\"no_spacer\" data-halign=\"center\" style=\"text-align:center\"><div class=\"porto-u-main-heading\"><h2 style=\"margin-bottom: 5px;font-size:24px;letter-spacing:-0.025em;\">Contact<\/h2><\/div><div class=\"porto-u-sub-heading\" style=\"font-size:14px;line-height:28px;letter-spacing:-0.025em;\">\n<p style=\"text-align: center;\">For your wishes, requests, suggestions and complaints, you can use the contact form below or the contact numbers and e-mail addresses below.<br \/>\nYou can reach us within (09:00 \u2013 19:00).<\/p>\n<p><\/div><\/div>[\/vc_column][vc_column width=&#8221;1\/2&#8243; offset=&#8221;vc_col-lg-3 vc_col-md-3 vc_col-xs-12&#8243;]<div class=\"porto-sicon-box custom-info-1 style_1 top-icon\"><div class=\"porto-sicon-top\"><div id=\"porto-icon-73258442369e8b58b37408\" class=\"porto-just-icon-wrapper\" style=\"text-align:center;\"><div class=\"porto-icon none\" style=\"color:#ab7942;font-size:45px;display:inline-block;\"><i class=\"Simple-Line-Icons-pointer\"><\/i><\/div><\/div><\/div><div class=\"porto-sicon-header\"><h3 class=\"porto-sicon-title\" style=\"font-weight:700;font-size:20px;line-height:22px;letter-spacing:-0.025em;\">Address<\/h3><p style=\"font-size:14px;line-height:22px;letter-spacing:-0.025em;\">Adnan Saygun cad Kelaynak sok No:24\/13 Ulus Be\u015fikta\u015f \u0130stanbul<\/p><\/div> <!-- header --><\/div><!-- porto-sicon-box -->[\/vc_column][vc_column width=&#8221;1\/2&#8243; offset=&#8221;vc_col-lg-3 vc_col-md-3 vc_col-xs-12&#8243;]<a class=\"porto-sicon-box-link\" href=\"tel:0%20536%20418%2087%2037\"><div class=\"porto-sicon-box text-color-body custom-info-1 style_1 top-icon\"><div class=\"porto-sicon-top\"><div id=\"porto-icon-127254993069e8b58b377d0\" class=\"porto-just-icon-wrapper\" style=\"text-align:center;\"><div class=\"porto-icon none\" style=\"color:#ab7942;font-size:45px;display:inline-block;\"><i class=\"fas fa-mobile-alt\"><\/i><\/div><\/div><\/div><div class=\"porto-sicon-header\"><h3 class=\"porto-sicon-title\" style=\"font-weight:700;font-size:20px;line-height:22px;letter-spacing:-0.025em;\">Phone<\/h3><p style=\"font-size:14px;line-height:22px;letter-spacing:-0.025em;\">+90 532 776 24 15<\/p><\/div> <!-- header --><\/div><!-- porto-sicon-box --><\/a>[\/vc_column][vc_column width=&#8221;1\/2&#8243; offset=&#8221;vc_col-lg-3 vc_col-md-3 vc_col-xs-12&#8243;]<a class=\"porto-sicon-box-link\" href=\"mailto:bilgi@nevhis.com\"><div class=\"porto-sicon-box text-color-body custom-info-1 style_1 top-icon\"><div class=\"porto-sicon-top\"><div id=\"porto-icon-180005512369e8b58b37b6e\" class=\"porto-just-icon-wrapper\" style=\"text-align:center;\"><div class=\"porto-icon none\" style=\"color:#ab7942;font-size:45px;display:inline-block;\"><i class=\"far fa-envelope\"><\/i><\/div><\/div><\/div><div class=\"porto-sicon-header\"><h3 class=\"porto-sicon-title\" style=\"font-weight:700;font-size:20px;line-height:22px;letter-spacing:-0.025em;\">E-mail Address<\/h3><p style=\"font-size:14px;line-height:22px;letter-spacing:-0.025em;\">bilgi@nevhis.com<\/p><\/div> <!-- header --><\/div><!-- porto-sicon-box --><\/a>[\/vc_column][vc_column width=&#8221;1\/2&#8243; offset=&#8221;vc_col-lg-3 vc_col-md-3 vc_col-xs-12&#8243;]<div class=\"porto-sicon-box custom-info-1 style_1 top-icon\"><div class=\"porto-sicon-top\"><div id=\"porto-icon-134293428069e8b58b37ed4\" class=\"porto-just-icon-wrapper\" style=\"text-align:center;\"><div class=\"porto-icon none\" style=\"color:#ab7942;font-size:45px;display:inline-block;\"><i class=\"far fa-calendar-alt\"><\/i><\/div><\/div><\/div><div class=\"porto-sicon-header\"><h3 class=\"porto-sicon-title\" style=\"font-weight:700;font-size:20px;line-height:22px;letter-spacing:-0.025em;\">Working Hours<\/h3><p style=\"font-size:14px;line-height:22px;letter-spacing:-0.025em;\">Pzt- Cmt \/ 9:00 - 19:00<\/p><\/div> <!-- header --><\/div><!-- porto-sicon-box -->[\/vc_column][vc_column][vc_separator color=&#8221;custom&#8221; accent_color=&#8221;#e7e7e7&#8243; el_class=&#8221;mt-5 m-b-xlg pb-2&#8243;][\/vc_column][\/vc_row][vc_row wrap_container=&#8221;yes&#8221; el_class=&#8221;m-b-xxl p-b-sm&#8221;][vc_column offset=&#8221;vc_col-lg-6 vc_col-md-6&#8243;]<div role=\"form\" class=\"wpcf7\" id=\"wpcf7-f74-o1\" lang=\"en-US\" dir=\"ltr\">\n<div class=\"screen-reader-response\"><p role=\"status\" aria-live=\"polite\" aria-atomic=\"true\"><\/p> <ul><\/ul><\/div>\n<form action=\"\/eng\/wp-json\/wp\/v2\/pages\/73#wpcf7-f74-o1\" method=\"post\" class=\"wpcf7-form init\" novalidate=\"novalidate\" data-status=\"init\">\n<div style=\"display: none;\">\n<input type=\"hidden\" name=\"_wpcf7\" value=\"74\" \/>\n<input type=\"hidden\" name=\"_wpcf7_version\" value=\"5.4.2\" \/>\n<input type=\"hidden\" name=\"_wpcf7_locale\" value=\"en_US\" \/>\n<input type=\"hidden\" name=\"_wpcf7_unit_tag\" value=\"wpcf7-f74-o1\" \/>\n<input type=\"hidden\" name=\"_wpcf7_container_post\" value=\"0\" \/>\n<input type=\"hidden\" name=\"_wpcf7_posted_data_hash\" value=\"\" \/>\n<\/div>\n<div class=\"row\">\n<div class=\"col-lg-12\">\n<div class=\"form-group\">\n            <label for=\"contact-name\" class=\"custom-font-family font-weight-medium\">Name and Surname <span class=\"text-secondary\">*<\/span><\/label><br \/>\n            <span class=\"wpcf7-form-control-wrap your-name\"><input type=\"text\" name=\"your-name\" value=\"\" size=\"40\" class=\"wpcf7-form-control wpcf7-text wpcf7-validates-as-required form-control line-height-lg\" id=\"contact-name\" aria-required=\"true\" aria-invalid=\"false\" \/><\/span>\n        <\/div>\n<\/div>\n<div class=\"col-lg-12\">\n<div class=\"form-group\">\n            <label for=\"contact-email\" class=\"custom-font-family font-weight-medium\">E-mail Address <span class=\"text-secondary\">*<\/span><\/label><br \/>\n            <span class=\"wpcf7-form-control-wrap your-email\"><input type=\"email\" name=\"your-email\" value=\"\" size=\"40\" class=\"wpcf7-form-control wpcf7-text wpcf7-email wpcf7-validates-as-required wpcf7-validates-as-email form-control line-height-lg\" id=\"contact-email\" aria-required=\"true\" aria-invalid=\"false\" \/><\/span>\n        <\/div>\n<\/div>\n<div class=\"col-lg-12\">\n<div class=\"form-group\">\n            <label for=\"contact-message\" class=\"custom-font-family font-weight-medium\">Message<\/label><br \/>\n            <span class=\"wpcf7-form-control-wrap your-message\"><textarea name=\"your-message\" cols=\"40\" rows=\"7\" class=\"wpcf7-form-control wpcf7-textarea form-control\" id=\"contact-message\" aria-invalid=\"false\"><\/textarea><\/span>\n        <\/div>\n<\/div>\n<div class=\"col-lg-12\">\n<div class=\"form-group\">\n            <input type=\"submit\" value=\"SEND MESSAGE\" class=\"wpcf7-form-control wpcf7-submit btn btn-dark btn-lg px-5 p-t-md p-b-md\" \/>\n        <\/div>\n<\/div>\n<\/div>\n<div class=\"wpcf7-response-output\" aria-hidden=\"true\"><\/div><\/form><\/div>[\/vc_column][vc_column offset=&#8221;vc_col-lg-6 vc_hidden-lg vc_col-md-6 vc_hidden-md vc_hidden-sm vc_hidden-xs&#8221; el_class=&#8221;mt-5 mt-lg-0&#8243;][vc_custom_heading text=&#8221;S\u0131k\u00e7a Sorulan Sorular&#8221; font_container=&#8221;tag:h2|font_size:24px|text_align:left&#8221; use_theme_fonts=&#8221;yes&#8221; el_class=&#8221;ls-negative-1 mb-2&#8243;]<div class=\"porto-faqs porto-faqs22a1d975a3bdf11f581fa79c92112c8e wpb_content_element  custom-faq-1\">\n\t<div class=\"page-faqs clearfix \">\n\n\t\t\n\t\t<div class=\"faq-row\">\n\t\t\t\n<article class=\"faq brand post-29 type-faq status-publish hentry faq_cat-brand\">\n\t<section class=\"toggle\">\n\t\t<label>Curabitur eget leo at velit imperdiet viaculis vitaes?<\/label>\n\t\t<div class=\"toggle-content\">\n\t\t<span class=\"entry-title\" style=\"display: none;\">Curabitur eget leo at velit imperdiet viaculis vitaes?<\/span><span class=\"vcard\" style=\"display: none;\"><span class=\"fn\"><a href=\"https:\/\/nevhis.com\/eng\/author\/creative\/\" title=\"Posts by creative\" rel=\"author\">creative<\/a><\/span><\/span><span class=\"updated\" style=\"display:none\">2016-06-13T12:29:09+03:00<\/span>Lorem ipsum dolor sit amet, consectetur adipiscing elit. Curabitur eget leo at velit imperdiet varius. In eu ipsum vitae velit congue iaculis vitae at risus. Nullam tortor nunc, bibendum vitae semper a, volutpat eget massa.\t\t<\/div>\n\t<\/section>\n<\/article>\n\n<article class=\"faq design post-28 type-faq status-publish hentry faq_cat-design\">\n\t<section class=\"toggle\">\n\t\t<label>Curabitur eget leo at velit imperdiet vague iaculis vitaes?<\/label>\n\t\t<div class=\"toggle-content\">\n\t\t<span class=\"entry-title\" style=\"display: none;\">Curabitur eget leo at velit imperdiet vague iaculis vitaes?<\/span><span class=\"vcard\" style=\"display: none;\"><span class=\"fn\"><a href=\"https:\/\/nevhis.com\/eng\/author\/creative\/\" title=\"Posts by creative\" rel=\"author\">creative<\/a><\/span><\/span><span class=\"updated\" style=\"display:none\">2016-06-13T12:28:45+03:00<\/span>Lorem ipsum dolor sit amet, consectetur adipiscing elit. Curabitur eget leo at velit imperdiet varius. In eu ipsum vitae velit congue iaculis vitae at risus. Nullam tortor nunc, bibendum vitae semper a, volutpat eget massa. Lorem ipsum dolor sit amet, consectetur adipiscing elit. Integer fringilla, orci sit amet posuere auctor, orci eros pellentesque odio, nec pellentesque erat ligula nec massa. Aenean consequat lorem ut felis ullamcorper posuere gravida tellus faucibus. Maecenas dolor elit, pulvinar eu vehicula eu, consequat et lacus. Duis et purus ipsum. In auctor mattis ipsum id molestie. Donec risus nulla, fringilla a rhoncus vitae, semper a massa. Vivamus ullamcorper, enim sit amet consequat laoreet, tortor tortor dictum urna, ut egestas urna ipsum nec libero. Nulla justo leo, molestie vel tempor nec, egestas at massa. Aenean pulvinar, felis porttitor iaculis pulvinar, odio orci sodales odio, ac pulvinar felis quam sit.\t\t<\/div>\n\t<\/section>\n<\/article>\n\n<article class=\"faq design post-27 type-faq status-publish hentry faq_cat-design\">\n\t<section class=\"toggle\">\n\t\t<label>Curabitur eget leo at velit imperdiet viaculis vitaes?<\/label>\n\t\t<div class=\"toggle-content\">\n\t\t<span class=\"entry-title\" style=\"display: none;\">Curabitur eget leo at velit imperdiet viaculis vitaes?<\/span><span class=\"vcard\" style=\"display: none;\"><span class=\"fn\"><a href=\"https:\/\/nevhis.com\/eng\/author\/creative\/\" title=\"Posts by creative\" rel=\"author\">creative<\/a><\/span><\/span><span class=\"updated\" style=\"display:none\">2016-06-13T12:28:17+03:00<\/span>Lorem ipsum dolor sit amet, consectetur adipiscing elit. Curabitur eget leo at velit imperdiet varius. In eu ipsum vitae velit congue iaculis vitae at risus. Nullam tortor nunc, bibendum vitae semper a, volutpat eget massa.\t\t<\/div>\n\t<\/section>\n<\/article>\n\n<article class=\"faq logo post-26 type-faq status-publish hentry faq_cat-logo\">\n\t<section class=\"toggle\">\n\t\t<label>Curabitur eget leo at velit imperdiet vague iaculis vitaes?<\/label>\n\t\t<div class=\"toggle-content\">\n\t\t<span class=\"entry-title\" style=\"display: none;\">Curabitur eget leo at velit imperdiet vague iaculis vitaes?<\/span><span class=\"vcard\" style=\"display: none;\"><span class=\"fn\"><a href=\"https:\/\/nevhis.com\/eng\/author\/creative\/\" title=\"Posts by creative\" rel=\"author\">creative<\/a><\/span><\/span><span class=\"updated\" style=\"display:none\">2016-06-13T12:27:54+03:00<\/span>Lorem ipsum dolor sit amet, consectetur adipiscing elit. Curabitur eget leo at velit imperdiet varius. In eu ipsum vitae velit congue iaculis vitae at risus. Nullam tortor nunc, bibendum vitae semper a, volutpat eget massa. Lorem ipsum dolor sit amet, consectetur adipiscing elit. Integer fringilla, orci sit amet posuere auctor, orci eros pellentesque odio, nec pellentesque erat ligula nec massa. Aenean consequat lorem ut felis ullamcorper posuere gravida tellus faucibus. Maecenas dolor elit, pulvinar eu vehicula eu, consequat et lacus. Duis et purus ipsum. In auctor mattis ipsum id molestie. Donec risus nulla, fringilla a rhoncus vitae, semper a massa. Vivamus ullamcorper, enim sit amet consequat laoreet, tortor tortor dictum urna, ut egestas urna ipsum nec libero. Nulla justo leo, molestie vel tempor nec, egestas at massa. Aenean pulvinar, felis porttitor iaculis pulvinar, odio orci sodales odio, ac pulvinar felis quam sit.\t\t<\/div>\n\t<\/section>\n<\/article>\n\n<article class=\"faq brand post-25 type-faq status-publish hentry faq_cat-brand\">\n\t<section class=\"toggle\">\n\t\t<label>Curabitur eget leo at velit imperdiet varius iaculis vitaes?<\/label>\n\t\t<div class=\"toggle-content\">\n\t\t<span class=\"entry-title\" style=\"display: none;\">Curabitur eget leo at velit imperdiet varius iaculis vitaes?<\/span><span class=\"vcard\" style=\"display: none;\"><span class=\"fn\"><a href=\"https:\/\/nevhis.com\/eng\/author\/creative\/\" title=\"Posts by creative\" rel=\"author\">creative<\/a><\/span><\/span><span class=\"updated\" style=\"display:none\">2016-06-13T12:27:31+03:00<\/span>Lorem ipsum dolor sit amet, consectetur adipiscing elit. Curabitur eget leo at velit imperdiet varius. In eu ipsum vitae velit congue iaculis vitae at risus. Nullam tortor nunc, bibendum vitae semper a, volutpat eget massa. Lorem ipsum dolor sit amet, consectetur adipiscing elit. Integer fringilla, orci sit amet posuere auctor, orci eros pellentesque odio, nec pellentesque erat ligula nec massa. Aenean consequat lorem ut felis ullamcorper posuere gravida tellus faucibus. Maecenas dolor elit, pulvinar eu vehicula eu, consequat et lacus. Duis et purus ipsum. In auctor mattis ipsum id molestie. Donec risus nulla, fringilla a rhoncus vitae, semper a massa. Vivamus ullamcorper, enim sit amet consequat laoreet, tortor tortor dictum urna, ut egestas urna ipsum nec libero. Nulla justo leo, molestie vel tempor nec, egestas at massa. Aenean pulvinar, felis porttitor iaculis pulvinar, odio orci sodales odio, ac pulvinar felis quam sit.\t\t<\/div>\n\t<\/section>\n<\/article>\n\t\t<\/div>\n\n\t\t\n\t<\/div>\n\n\t\n\t<\/div>[\/vc_column][\/vc_row]<\/p>\n","protected":false},"excerpt":{"rendered":"<p>[vc_row full_width=&#8221;stretch_row_content_no_spaces&#8221;][vc_column][vc_gmaps link=&#8221;#E-8_JTNDaWZyYW1lJTIwc3JjJTNEJTIyaHR0cHMlM0ElMkYlMkZ3d3cuZ29vZ2xlLmNvbSUyRm1hcHMlMkZlbWJlZCUzRnBiJTNEJTIxMW0xOCUyMTFtMTIlMjExbTMlMjExZDMwMDguMDUwNDQyNDg1NDU5NCUyMTJkMjkuMDI2Njk2OTUxNDc4NTI3JTIxM2Q0MS4wNjc4OTAwMjM2MDA1NTUlMjEybTMlMjExZjAlMjEyZjAlMjEzZjAlMjEzbTIlMjExaTEwMjQlMjEyaTc2OCUyMTRmMTMuMSUyMTNtMyUyMTFtMiUyMTFzMHgxNGNhYjYzYmUzNThjZDlmJTI1M0EweGM5ZWNjNTlmZjNhM2I3OTElMjEyelZXeDFjeXdnUzJWc1lYbHVZV3NnVTJzdUlFNXZPakkwTENBek5ETTBNQ0JDWmNXZmFXdDBZY1dmTDhTd2MzUmhibUoxYkElMjE1ZTAlMjEzbTIlMjExc3RyJTIxMnN0ciUyMTR2MTYyODM2MjA4MzI0MCUyMTVtMiUyMTFzdHIlMjEyc3RyJTIyJTIwd2lkdGglM0QlMjIxMDAlMjUlMjIlMjBoZWlnaHQlM0QlMjIzNTAlMjIlMjBzdHlsZSUzRCUyMmJvcmRlciUzQTAlM0IlMjIlMjBhbGxvd2Z1bGxzY3JlZW4lM0QlMjIlMjIlMjBsb2FkaW5nJTNEJTIybGF6eSUyMiUzRSUzQyUyRmlmcmFtZSUzRQ==&#8221;][\/vc_column][\/vc_row][vc_row wrap_container=&#8221;yes&#8221; el_class=&#8221;m-t-md&#8221;][vc_column][\/vc_column][vc_column width=&#8221;1\/2&#8243; offset=&#8221;vc_col-lg-3 vc_col-md-3 vc_col-xs-12&#8243;][\/vc_column][vc_column width=&#8221;1\/2&#8243; offset=&#8221;vc_col-lg-3 vc_col-md-3 vc_col-xs-12&#8243;][\/vc_column][vc_column width=&#8221;1\/2&#8243; offset=&#8221;vc_col-lg-3 vc_col-md-3 vc_col-xs-12&#8243;][\/vc_column][vc_column width=&#8221;1\/2&#8243; offset=&#8221;vc_col-lg-3 vc_col-md-3 vc_col-xs-12&#8243;][\/vc_column][vc_column][vc_separator color=&#8221;custom&#8221; accent_color=&#8221;#e7e7e7&#8243; el_class=&#8221;mt-5 m-b-xlg pb-2&#8243;][\/vc_column][\/vc_row][vc_row wrap_container=&#8221;yes&#8221; el_class=&#8221;m-b-xxl p-b-sm&#8221;][vc_column offset=&#8221;vc_col-lg-6 vc_col-md-6&#8243;][\/vc_column][vc_column offset=&#8221;vc_col-lg-6 vc_hidden-lg vc_col-md-6 vc_hidden-md vc_hidden-sm vc_hidden-xs&#8221; el_class=&#8221;mt-5 mt-lg-0&#8243;][vc_custom_heading text=&#8221;S\u0131k\u00e7a Sorulan Sorular&#8221; font_container=&#8221;tag:h2|font_size:24px|text_align:left&#8221; use_theme_fonts=&#8221;yes&#8221; el_class=&#8221;ls-negative-1 mb-2&#8243;][\/vc_column][\/vc_row]<\/p>\n","protected":false},"author":1,"featured_media":0,"parent":0,"menu_order":0,"comment_status":"closed","ping_status":"closed","template":"","meta":[],"_links":{"self":[{"href":"https:\/\/nevhis.com\/eng\/wp-json\/wp\/v2\/pages\/73"}],"collection":[{"href":"https:\/\/nevhis.com\/eng\/wp-json\/wp\/v2\/pages"}],"about":[{"href":"https:\/\/nevhis.com\/eng\/wp-json\/wp\/v2\/types\/page"}],"author":[{"embeddable":true,"href":"https:\/\/nevhis.com\/eng\/wp-json\/wp\/v2\/users\/1"}],"replies":[{"embeddable":true,"href":"https:\/\/nevhis.com\/eng\/wp-json\/wp\/v2\/comments?post=73"}],"version-history":[{"count":5,"href":"https:\/\/nevhis.com\/eng\/wp-json\/wp\/v2\/pages\/73\/revisions"}],"predecessor-version":[{"id":3775,"href":"https:\/\/nevhis.com\/eng\/wp-json\/wp\/v2\/pages\/73\/revisions\/3775"}],"wp:attachment":[{"href":"https:\/\/nevhis.com\/eng\/wp-json\/wp\/v2\/media?parent=73"}],"curies":[{"name":"wp","href":"https:\/\/api.w.org\/{rel}","templated":true}]}}